{"id":168,"date":"2022-11-28T14:38:22","date_gmt":"2022-11-28T14:38:22","guid":{"rendered":"https:\/\/yef-ece.deec.fct.unl.pt\/?page_id=168"},"modified":"2026-01-26T10:26:03","modified_gmt":"2026-01-26T10:26:03","slug":"committees","status":"publish","type":"page","link":"https:\/\/yef-ece.deec.fct.unl.pt\/index.php\/committees\/","title":{"rendered":"Committees"},"content":{"rendered":"\t\t<div data-elementor-type=\"wp-page\" data-elementor-id=\"168\" class=\"elementor elementor-168\">\n\t\t\t\t\t\t<section class=\"elementor-section elementor-top-section elementor-element elementor-element-01645a6 elementor-section-boxed elementor-section-height-default elementor-section-height-default\" data-id=\"01645a6\" data-element_type=\"section\">\n\t\t\t\t\t\t<div class=\"elementor-container elementor-column-gap-default\">\n\t\t\t\t\t<div class=\"elementor-column elementor-col-100 elementor-top-column elementor-element elementor-element-581adf7\" data-id=\"581adf7\" data-element_type=\"column\">\n\t\t\t<div class=\"elementor-widget-wrap elementor-element-populated\">\n\t\t\t\t\t\t<div class=\"elementor-element elementor-element-79c1eb6 elementor-widget elementor-widget-text-editor\" data-id=\"79c1eb6\" data-element_type=\"widget\" data-widget_type=\"text-editor.default\">\n\t\t\t\t<div class=\"elementor-widget-container\">\n\t\t\t\t\t\t\t\t\t<h1>Committees<\/h1><h3>General Co-Chairs:<\/h3><p>Luis Camarinha-Matos (Portugal)<br \/>Filipe Moutinho (Portugal)<\/p><h3>Program Co-Chairs:<\/h3><p>Jo\u00e3o Martins (Portugal)<br \/>Paula Louro (Portugal)<br \/>Enrique Romero-Cadaval (Spain)<br \/>Anik\u00f3 Costa (Portugal)<br \/>Lu\u00eds Oliveira (Portugal)<\/p><h3>Finance Chair:<\/h3><p>Anik\u00f3 Costa (Portugal)<\/p><h3>Publication Chair:<\/h3><p>Ana In\u00eas Oliveira (Portugal)<\/p><h3>Publicity Chair:<\/h3><p>Jo\u00e3o Pedro Matos-Carvalho (Portugal)<\/p><h3>Volunteers:<\/h3><p>Carolina Lagartinho-Oliveira (Portugal)<br \/>Afonso Oliveira (Portugal)<\/p><h3>International Program Committee:<\/h3><p>A. Lu\u00eds Os\u00f3rio (Portugal)<br \/>Adriano Fiorese (Brasil)<br \/>Ana In\u00eas Oliveira (Portugal)<br \/>Andrei Karatkevich (Poland)<br \/>Antoni Grau (Spain)<br \/>Antonio Luque (Spain)<br \/>Antonio Xavier Zavala-Alc\u00edvar (Ecuador)<br \/>Daniele Spoladore (Italy)<br \/>Dr. Geza Haidegger (Hungary)<br \/>Duarte M. Sousa (Portugal)<br \/>Eva Gonz\u00e1lez-Romera (Spain)<br \/>Fabio Fruggiero (Italy)<br \/>Filipa Ferrada (Portugal)<br \/>Gary Fragidis (Greece)<br \/>Gra\u00e7a Minas (Portugal)<br \/>Houda Harkat (Portugal)<br \/>Hugo Serra (Portugal)<br \/>Janis Zakis (Latvia)<br \/>Jo\u00e3o Casaleiro (Portugal)<br \/>Jo\u00e3o Murta-Pina (Portugal)<br \/>Jo\u00e3o Pedro Matos-Carvalho (Portugal)<br \/>Jo\u00e3o Pedro Mendon\u00e7a (Portugal)<br \/>Jo\u00e3o Pedro Oliveira (Portugal)<br \/>Lili Aunimo (Finland)<br \/>Lucian Toma (Romania)<br \/>Luis Gomes (Portugal)<br \/>Mar\u00eda Isabel Milan\u00e9s-Montero (Spain)<br \/>M\u00e1rio V\u00e9stias (Portugal)<br \/>Nuno Paulino (Portugal)<br \/>Patricia Macedo (Portugal)<br \/>Paulo Leitao (Portugal)<br \/>Pedro Brand\u00e3o (Portugal)<br \/>Petrone Giovanni (Italy)<br \/>Rastko Fi\u0161er (Slovenia)<br \/>Rogerio Campos-Rebelo (Portugal)<br \/>Rui Esteves Ara\u00fajo (Portugal)<br \/>Sanaz Nikghadam-Hojjati (Portugal)<br \/>Shu-Ling Lu (United Kingdom)<br \/>Thomas I. Strasser (Austria)<br \/>Thomas Schuster (Germany)<br \/>Valentina e. Balas (Romania)<br \/>Vanja Ambro\u017ei\u010d (Slovenia)<br \/>Vitor Fernao Pires (Portugal)<br \/>(to be completed)<\/p>\t\t\t\t\t\t\t\t<\/div>\n\t\t\t\t<\/div>\n\t\t\t\t\t<\/div>\n\t\t<\/div>\n\t\t\t\t\t<\/div>\n\t\t<\/section>\n\t\t\t\t<\/div>\n\t\t","protected":false},"excerpt":{"rendered":"<p>Committees General Co-Chairs: Luis Camarinha-Matos (Portugal)Filipe Moutinho (Portugal) Program Co-Chairs: Jo\u00e3o Martins (Portugal)Paula Louro (Portugal)Enrique Romero-Cadaval (Spain)Anik\u00f3 Costa (Portugal)Lu\u00eds Oliveira (Portugal) Finance Chair: Anik\u00f3 Costa (Portugal) Publication Chair: Ana In\u00eas Oliveira (Portugal) Publicity Chair: Jo\u00e3o Pedro Matos-Carvalho (Portugal) Volunteers: Carolina Lagartinho-Oliveira (Portugal)Afonso Oliveira (Portugal) International Program Committee: A. Lu\u00eds Os\u00f3rio (Portugal)Adriano Fiorese (Brasil)Ana In\u00eas Oliveira [&hellip;]<\/p>\n","protected":false},"author":1,"featured_media":0,"parent":0,"menu_order":0,"comment_status":"closed","ping_status":"closed","template":"","meta":{"ocean_post_layout":"","ocean_both_sidebars_style":"","ocean_both_sidebars_content_width":0,"ocean_both_sidebars_sidebars_width":0,"ocean_sidebar":"0","ocean_second_sidebar":"0","ocean_disable_margins":"enable","ocean_add_body_class":"","ocean_shortcode_before_top_bar":"","ocean_shortcode_after_top_bar":"","ocean_shortcode_before_header":"","ocean_shortcode_after_header":"","ocean_has_shortcode":"","ocean_shortcode_after_title":"","ocean_shortcode_before_footer_widgets":"","ocean_shortcode_after_footer_widgets":"","ocean_shortcode_before_footer_bottom":"","ocean_shortcode_after_footer_bottom":"","ocean_display_top_bar":"default","ocean_display_header":"default","ocean_header_style":"","ocean_center_header_left_menu":"0","ocean_custom_header_template":"0","ocean_custom_logo":0,"ocean_custom_retina_logo":0,"ocean_custom_logo_max_width":0,"ocean_custom_logo_tablet_max_width":0,"ocean_custom_logo_mobile_max_width":0,"ocean_custom_logo_max_height":0,"ocean_custom_logo_tablet_max_height":0,"ocean_custom_logo_mobile_max_height":0,"ocean_header_custom_menu":"0","ocean_menu_typo_font_family":"0","ocean_menu_typo_font_subset":"","ocean_menu_typo_font_size":0,"ocean_menu_typo_font_size_tablet":0,"ocean_menu_typo_font_size_mobile":0,"ocean_menu_typo_font_size_unit":"px","ocean_menu_typo_font_weight":"","ocean_menu_typo_font_weight_tablet":"","ocean_menu_typo_font_weight_mobile":"","ocean_menu_typo_transform":"","ocean_menu_typo_transform_tablet":"","ocean_menu_typo_transform_mobile":"","ocean_menu_typo_line_height":0,"ocean_menu_typo_line_height_tablet":0,"ocean_menu_typo_line_height_mobile":0,"ocean_menu_typo_line_height_unit":"","ocean_menu_typo_spacing":0,"ocean_menu_typo_spacing_tablet":0,"ocean_menu_typo_spacing_mobile":0,"ocean_menu_typo_spacing_unit":"","ocean_menu_link_color":"","ocean_menu_link_color_hover":"","ocean_menu_link_color_active":"","ocean_menu_link_background":"","ocean_menu_link_hover_background":"","ocean_menu_link_active_background":"","ocean_menu_social_links_bg":"","ocean_menu_social_hover_links_bg":"","ocean_menu_social_links_color":"","ocean_menu_social_hover_links_color":"","ocean_disable_title":"default","ocean_disable_heading":"default","ocean_post_title":"","ocean_post_subheading":"","ocean_post_title_style":"","ocean_post_title_background_color":"","ocean_post_title_background":0,"ocean_post_title_bg_image_position":"","ocean_post_title_bg_image_attachment":"","ocean_post_title_bg_image_repeat":"","ocean_post_title_bg_image_size":"","ocean_post_title_height":0,"ocean_post_title_bg_overlay":0.5,"ocean_post_title_bg_overlay_color":"","ocean_disable_breadcrumbs":"default","ocean_breadcrumbs_color":"","ocean_breadcrumbs_separator_color":"","ocean_breadcrumbs_links_color":"","ocean_breadcrumbs_links_hover_color":"","ocean_display_footer_widgets":"default","ocean_display_footer_bottom":"default","ocean_custom_footer_template":"0","footnotes":""},"folder":[],"class_list":["post-168","page","type-page","status-publish","hentry","entry"],"_links":{"self":[{"href":"https:\/\/yef-ece.deec.fct.unl.pt\/index.php\/wp-json\/wp\/v2\/pages\/168","targetHints":{"allow":["GET"]}}],"collection":[{"href":"https:\/\/yef-ece.deec.fct.unl.pt\/index.php\/wp-json\/wp\/v2\/pages"}],"about":[{"href":"https:\/\/yef-ece.deec.fct.unl.pt\/index.php\/wp-json\/wp\/v2\/types\/page"}],"author":[{"embeddable":true,"href":"https:\/\/yef-ece.deec.fct.unl.pt\/index.php\/wp-json\/wp\/v2\/users\/1"}],"replies":[{"embeddable":true,"href":"https:\/\/yef-ece.deec.fct.unl.pt\/index.php\/wp-json\/wp\/v2\/comments?post=168"}],"version-history":[{"count":64,"href":"https:\/\/yef-ece.deec.fct.unl.pt\/index.php\/wp-json\/wp\/v2\/pages\/168\/revisions"}],"predecessor-version":[{"id":1409,"href":"https:\/\/yef-ece.deec.fct.unl.pt\/index.php\/wp-json\/wp\/v2\/pages\/168\/revisions\/1409"}],"wp:attachment":[{"href":"https:\/\/yef-ece.deec.fct.unl.pt\/index.php\/wp-json\/wp\/v2\/media?parent=168"}],"wp:term":[{"taxonomy":"folder","embeddable":true,"href":"https:\/\/yef-ece.deec.fct.unl.pt\/index.php\/wp-json\/wp\/v2\/folder?post=168"}],"curies":[{"name":"wp","href":"https:\/\/api.w.org\/{rel}","templated":true}]}}